{"id":1132,"date":"2022-03-09T09:10:50","date_gmt":"2022-03-09T09:10:50","guid":{"rendered":"https:\/\/www.insitu-laser.be\/tarifs\/"},"modified":"2023-10-26T10:02:48","modified_gmt":"2023-10-26T10:02:48","slug":"prijzen","status":"publish","type":"page","link":"https:\/\/insitu-laser.be\/nl\/prijzen\/","title":{"rendered":"Tarifs"},"content":{"rendered":"\n<div style=\"height:80px\" aria-hidden=\"true\" class=\"wp-block-spacer\"><\/div>\n\n\n\n<div class=\"wp-block-buttons is-horizontal is-content-justification-center is-layout-flex wp-container-core-buttons-is-layout-499968f5 wp-block-buttons-is-layout-flex\">\n<div class=\"wp-block-button\"><a class=\"wp-block-button__link wp-element-button\" href=\"https:\/\/www.insitu-laser.be\/tarifs-medecine-esthetique\/\">M\u00e9decine esth\u00e9tique<\/a><\/div>\n\n\n\n<div class=\"wp-block-button\"><a class=\"wp-block-button__link wp-element-button\">\u00c9pilation d\u00e9finitive<\/a><\/div>\n\n\n\n<div class=\"wp-block-button\"><a class=\"wp-block-button__link wp-element-button\" href=\"https:\/\/www.insitu-laser.be\/tarifs-p\/\">Photorajeunissement<\/a><\/div>\n\n\n\n<div class=\"wp-block-button\"><a class=\"wp-block-button__link wp-element-button\" href=\"https:\/\/www.insitu-laser.be\/tarifs-dermafacial\/\">Dermafacial<\/a><\/div>\n<\/div>\n\n\n<div class=\"lazyblock-tarifs-jSQQM wp-block-lazyblock-tarifs\"><div class=\"container\">\n\n\n        <img loading=\"lazy\" decoding=\"async\" width=\"100\" height=\"118\" src=\"https:\/\/insitu-laser.be\/wp-content\/uploads\/2022\/03\/icon-face.png\" class=\"attachment-full size-full\" alt=\"\" \/>        \n\n            <h2>Visage<\/h2>\n      \n    <div class=\"rate-wrapper\">\n      <div class=\"rate-type rate-type--women\">\n        <h2>Dames<\/h2>\n        <div class=\"rate-items\">\n                      <div class=\"rate-item\">\n              <span>L\u00e8vre sup\u00e9rieure<\/span>\n              <span>60, 00 \u20ac<\/span>\n            <\/div>\n                      <div class=\"rate-item\">\n              <span>Menton<\/span>\n              <span>80,00 \u20ac<\/span>\n            <\/div>\n                      <div class=\"rate-item\">\n              <span>L\u00e8vre sup\u00e9rieure + menton<\/span>\n              <span>120,00 \u20ac<\/span>\n            <\/div>\n                      <div class=\"rate-item\">\n              <span>Inter-sourcillier<\/span>\n              <span>30,00 \u20ac<\/span>\n            <\/div>\n                      <div class=\"rate-item\">\n              <span>Nuque<\/span>\n              <span>100,00 \u20ac<\/span>\n            <\/div>\n                      <div class=\"rate-item\">\n              <span>Cou<\/span>\n              <span>120,00 \u20ac<\/span>\n            <\/div>\n                      <div class=\"rate-item\">\n              <span>Front<\/span>\n              <span>120,00 \u20ac<\/span>\n            <\/div>\n                      <div class=\"rate-item\">\n              <span>Favoris<\/span>\n              <span>60,00 \u20ac<\/span>\n            <\/div>\n                  <\/div>\n      <\/div>\n      <div class=\"rate-type rate-type--men\">\n        <h2>Hommes<\/h2>\n        <div class=\"rate-items\">\n                      <div class=\"rate-item\">\n              <span>Moustache<\/span>\n              <span>65,00 \u20ac<\/span>\n            <\/div>\n                      <div class=\"rate-item\">\n              <span>Favoris<\/span>\n              <span>105,00 \u20ac<\/span>\n            <\/div>\n                      <div class=\"rate-item\">\n              <span>Barbe<\/span>\n              <span>250,00 \u20ac<\/span>\n            <\/div>\n                      <div class=\"rate-item\">\n              <span>Inter-sourcillier<\/span>\n              <span>30,00 \u20ac<\/span>\n            <\/div>\n                      <div class=\"rate-item\">\n              <span>Nuque<\/span>\n              <span>100,00 \u20ac<\/span>\n            <\/div>\n                      <div class=\"rate-item\">\n              <span>Cou<\/span>\n              <span>120,00 \u20ac<\/span>\n            <\/div>\n                      <div class=\"rate-item\">\n              <span>Front<\/span>\n              <span>120,00 \u20ac<\/span>\n            <\/div>\n                      <div class=\"rate-item\">\n              <span>Joues<\/span>\n              <span>80,00 \u20ac<\/span>\n            <\/div>\n                      <div class=\"rate-item\">\n              <span>Nez<\/span>\n              <span>50,00 \u20ac<\/span>\n            <\/div>\n                      <div class=\"rate-item\">\n              <span>Oreilles<\/span>\n              <span>80,00 \u20ac<\/span>\n            <\/div>\n                <\/div>\n    <\/div>\n\n    <\/div>\n \n<\/div>\n<\/div>\n\n<div class=\"lazyblock-tarifs-ZFY9zj wp-block-lazyblock-tarifs\"><div class=\"container\">\n\n\n        <img loading=\"lazy\" decoding=\"async\" width=\"108\" height=\"118\" src=\"https:\/\/insitu-laser.be\/wp-content\/uploads\/2022\/04\/Groupe-997.png\" class=\"attachment-full size-full\" alt=\"\" \/>        \n\n            <h2>Zone pubienne<\/h2>\n      \n    <div class=\"rate-wrapper\">\n      <div class=\"rate-type rate-type--women\">\n        <h2>Dames<\/h2>\n        <div class=\"rate-items\">\n                      <div class=\"rate-item\">\n              <span>\u00c9chancr\u00e9<\/span>\n              <span>140,00 \u20ac<\/span>\n            <\/div>\n                      <div class=\"rate-item\">\n              <span>Br\u00e9silien<\/span>\n              <span>150,00 \u20ac<\/span>\n            <\/div>\n                      <div class=\"rate-item\">\n              <span>Int\u00e9gral<\/span>\n              <span>180,00 \u20ac<\/span>\n            <\/div>\n                      <div class=\"rate-item\">\n              <span>Sillon inter-fessier<\/span>\n              <span>80,00 \u20ac<\/span>\n            <\/div>\n                  <\/div>\n      <\/div>\n      <div class=\"rate-type rate-type--men\">\n        <h2>Hommes<\/h2>\n        <div class=\"rate-items\">\n                      <div class=\"rate-item\">\n              <span>Maillot<\/span>\n              <span>150,00 \u20ac<\/span>\n            <\/div>\n                      <div class=\"rate-item\">\n              <span>Maillot int\u00e9gral<\/span>\n              <span>250,00 \u20ac<\/span>\n            <\/div>\n                      <div class=\"rate-item\">\n              <span>Scrotum<\/span>\n              <span>130,00 \u20ac<\/span>\n            <\/div>\n                      <div class=\"rate-item\">\n              <span>Sillon inter-fessier<\/span>\n              <span>80,00 \u20ac<\/span>\n            <\/div>\n                <\/div>\n    <\/div>\n\n    <\/div>\n \n<\/div>\n<\/div>\n\n<div class=\"lazyblock-tarifs-cggDx wp-block-lazyblock-tarifs\"><div class=\"container\">\n\n\n        <img loading=\"lazy\" decoding=\"async\" width=\"118\" height=\"99\" src=\"https:\/\/insitu-laser.be\/wp-content\/uploads\/2022\/04\/Groupe-1000.png\" class=\"attachment-full size-full\" alt=\"\" \/>        \n\n            <h2>Bras<\/h2>\n      \n    <div class=\"rate-wrapper\">\n      <div class=\"rate-type rate-type--women\">\n        <h2>Dames<\/h2>\n        <div class=\"rate-items\">\n                      <div class=\"rate-item\">\n              <span>Aisselles<\/span>\n              <span>120,00 \u20ac<\/span>\n            <\/div>\n                      <div class=\"rate-item\">\n              <span>\u00c9paules<\/span>\n              <span>80,00 \u20ac<\/span>\n            <\/div>\n                      <div class=\"rate-item\">\n              <span>Avant-bras<\/span>\n              <span>180,00 \u20ac<\/span>\n            <\/div>\n                      <div class=\"rate-item\">\n              <span>Bras sup\u00e9rieurs<\/span>\n              <span>220,00 \u20ac<\/span>\n            <\/div>\n                      <div class=\"rate-item\">\n              <span>Bras entiers<\/span>\n              <span>300,00 \u20ac<\/span>\n            <\/div>\n                      <div class=\"rate-item\">\n              <span>Mains, Doigts ou Coudes<\/span>\n              <span>80,00 \u20ac<\/span>\n            <\/div>\n                  <\/div>\n      <\/div>\n      <div class=\"rate-type rate-type--men\">\n        <h2>Hommes<\/h2>\n        <div class=\"rate-items\">\n                      <div class=\"rate-item\">\n              <span>Aisselles<\/span>\n              <span>130,00 \u20ac<\/span>\n            <\/div>\n                      <div class=\"rate-item\">\n              <span>\u00c9paules<\/span>\n              <span>220,00 \u20ac<\/span>\n            <\/div>\n                      <div class=\"rate-item\">\n              <span>Avant-bras<\/span>\n              <span>200,00 \u20ac<\/span>\n            <\/div>\n                      <div class=\"rate-item\">\n              <span>Bras sup\u00e9rieurs<\/span>\n              <span>220,00 \u20ac<\/span>\n            <\/div>\n                      <div class=\"rate-item\">\n              <span>Bras entiers<\/span>\n              <span>300,00 \u20ac<\/span>\n            <\/div>\n                      <div class=\"rate-item\">\n              <span>Mains et coudes<\/span>\n              <span>80,00 \u20ac<\/span>\n            <\/div>\n                <\/div>\n    <\/div>\n\n    <\/div>\n \n<\/div>\n<\/div>\n\n<div class=\"lazyblock-tarifs-ZI49iV wp-block-lazyblock-tarifs\"><div class=\"container\">\n\n\n        <img loading=\"lazy\" decoding=\"async\" width=\"118\" height=\"118\" src=\"https:\/\/insitu-laser.be\/wp-content\/uploads\/2022\/04\/Groupe-1003.png\" class=\"attachment-full size-full\" alt=\"\" \/>        \n\n            <h2>Jambes<\/h2>\n      \n    <div class=\"rate-wrapper\">\n      <div class=\"rate-type rate-type--women\">\n        <h2>Dames<\/h2>\n        <div class=\"rate-items\">\n                      <div class=\"rate-item\">\n              <span>Demi-jambes<\/span>\n              <span>250,00 \u20ac<\/span>\n            <\/div>\n                      <div class=\"rate-item\">\n              <span>Demi-jambes avec genoux<\/span>\n              <span>300,00 \u20ac<\/span>\n            <\/div>\n                      <div class=\"rate-item\">\n              <span>Jambes compl\u00e8tes<\/span>\n              <span>450,00 \u20ac<\/span>\n            <\/div>\n                      <div class=\"rate-item\">\n              <span>Fesses<\/span>\n              <span>250,00 \u20ac<\/span>\n            <\/div>\n                  <\/div>\n      <\/div>\n      <div class=\"rate-type rate-type--men\">\n        <h2>Hommes<\/h2>\n        <div class=\"rate-items\">\n                      <div class=\"rate-item\">\n              <span>Demi-jambes<\/span>\n              <span>300,00 \u20ac<\/span>\n            <\/div>\n                      <div class=\"rate-item\">\n              <span>Demi-jambes avec genoux<\/span>\n              <span>350,00 \u20ac<\/span>\n            <\/div>\n                      <div class=\"rate-item\">\n              <span>Jambes compl\u00e8tes<\/span>\n              <span>500,00 \u20ac<\/span>\n            <\/div>\n                      <div class=\"rate-item\">\n              <span>Fesses<\/span>\n              <span>300,00 \u20ac<\/span>\n            <\/div>\n                      <div class=\"rate-item\">\n              <span>Pieds<\/span>\n              <span>80,00 \u20ac<\/span>\n            <\/div>\n                <\/div>\n    <\/div>\n\n    <\/div>\n \n<\/div>\n<\/div>\n\n<div class=\"lazyblock-tarifs-dUDrn wp-block-lazyblock-tarifs\"><div class=\"container\">\n\n\n        <img loading=\"lazy\" decoding=\"async\" width=\"118\" height=\"118\" src=\"https:\/\/insitu-laser.be\/wp-content\/uploads\/2022\/04\/Groupe-1006.png\" class=\"attachment-full size-full\" alt=\"\" \/>        \n\n            <h2>Corps<\/h2>\n      \n    <div class=\"rate-wrapper\">\n      <div class=\"rate-type rate-type--women\">\n        <h2>Dames<\/h2>\n        <div class=\"rate-items\">\n                      <div class=\"rate-item\">\n              <span>Ventre<\/span>\n              <span>100,00 \u20ac<\/span>\n            <\/div>\n                      <div class=\"rate-item\">\n              <span>Bas du dos ou du ventre<\/span>\n              <span>100,00 \u20ac<\/span>\n            <\/div>\n                      <div class=\"rate-item\">\n              <span>Dos<\/span>\n              <span>250,00 \u20ac<\/span>\n            <\/div>\n                      <div class=\"rate-item\">\n              <span>Papille mammaire<\/span>\n              <span>80,00 \u20ac<\/span>\n            <\/div>\n                      <div class=\"rate-item\">\n              <span>Poitrine<\/span>\n              <span>150,00 \u20ac<\/span>\n            <\/div>\n                  <\/div>\n      <\/div>\n      <div class=\"rate-type rate-type--men\">\n        <h2>Hommes<\/h2>\n        <div class=\"rate-items\">\n                      <div class=\"rate-item\">\n              <span>Ventre<\/span>\n              <span>200,00 \u20ac<\/span>\n            <\/div>\n                      <div class=\"rate-item\">\n              <span>Dos<\/span>\n              <span>300,00 \u20ac<\/span>\n            <\/div>\n                      <div class=\"rate-item\">\n              <span>Torse<\/span>\n              <span>200,00 \u20ac<\/span>\n            <\/div>\n                      <div class=\"rate-item\">\n              <span>Dos, nuque et \u00e9paules<\/span>\n              <span>450,00 \u20ac<\/span>\n            <\/div>\n                <\/div>\n    <\/div>\n\n    <\/div>\n \n<\/div>\n<\/div>\n\n<div class=\"lazyblock-cta-blue-bg-1qBpHE wp-block-lazyblock-cta-blue-bg\"><div class=\"container\">\n  <div class=\"row justify-content-center\">\n    <div class=\"col-xl-6\">\n              <h2>Vous souhaitez en savoir plus sur l&#8217;\u00e9pilation d\u00e9finitive ?<\/h2>      \n            <a href=\"https:\/\/www.insitu-laser.be\/services\/epilation-definitive\/\" class=\"btn btn-border\">\n        L&#039;\u00e9pilation d\u00e9finitive      <\/a>\n          <\/div>\n  <\/div>\n<\/div>\n<\/div>\n\n<div class=\"lazyblock-ctas-infoscap-Z1gyoPF wp-block-lazyblock-ctas-infoscap\"><div class=\"container\">\n  <div class=\"row\">\n    <div class=\"offset-xl-1 col-xl-4 text-center\">\n            <h2>Besoin de plus d\u2019infos ?<\/h2>\n                  <h3>Nous sommes \u00e0 votre disposition pour vous conseiller et r\u00e9pondre \u00e0 vos questions.<\/h3>\n                  <a href=\"https:\/\/www.insitu-laser.be\/contact\/\" class=\"btn btn-border\">\n        Contactez-nous      <\/a>\n      \n    <\/div>\n    <div class=\"offset-xl-2 col-xl-4 text-center\">\n            <h2>Pr\u00eat\u00b7e \u00e0 passer le cap ?<\/h2>\n                  <h3>Prenez rendez-vous dans le centre partenaire de votre choix en moins de 5 minutes.<\/h3>\n      \n      <button data-modal-target=\"modal1\" class=\"btn btn-border\">\n        Prendre un rdv<\/button>\n    <\/div>\n\n  <\/div>\n<\/div><\/div>","protected":false},"excerpt":{"rendered":"","protected":false},"author":1,"featured_media":391,"parent":0,"menu_order":0,"comment_status":"closed","ping_status":"closed","template":"","meta":{"footnotes":""},"class_list":["post-1132","page","type-page","status-publish","has-post-thumbnail","hentry"],"yoast_head":"<!-- This site is optimized with the Yoast SEO plugin v27.3 - https:\/\/yoast.com\/product\/yoast-seo-wordpress\/ -->\n<title>Tarifs - InSitu Laser<\/title>\n<meta name=\"robots\" content=\"index, follow, max-snippet:-1, max-image-preview:large, max-video-preview:-1\" \/>\n<link rel=\"canonical\" href=\"https:\/\/insitu-laser.be\/nl\/prijzen\/\" \/>\n<meta property=\"og:locale\" content=\"nl_NL\" \/>\n<meta property=\"og:type\" content=\"article\" \/>\n<meta property=\"og:title\" content=\"Tarifs - InSitu Laser\" \/>\n<meta property=\"og:url\" content=\"https:\/\/insitu-laser.be\/nl\/prijzen\/\" \/>\n<meta property=\"og:site_name\" content=\"InSitu Laser\" \/>\n<meta property=\"article:modified_time\" content=\"2023-10-26T10:02:48+00:00\" \/>\n<meta property=\"og:image\" content=\"https:\/\/insitu-laser.be\/wp-content\/uploads\/2022\/04\/header_tarifs.png\" \/>\n\t<meta property=\"og:image:width\" content=\"1920\" \/>\n\t<meta property=\"og:image:height\" content=\"404\" \/>\n\t<meta property=\"og:image:type\" content=\"image\/png\" \/>\n<meta name=\"twitter:card\" content=\"summary_large_image\" \/>\n<script type=\"application\/ld+json\" class=\"yoast-schema-graph\">{\"@context\":\"https:\\\/\\\/schema.org\",\"@graph\":[{\"@type\":\"WebPage\",\"@id\":\"https:\\\/\\\/insitu-laser.be\\\/nl\\\/prijzen\\\/\",\"url\":\"https:\\\/\\\/insitu-laser.be\\\/nl\\\/prijzen\\\/\",\"name\":\"Tarifs - InSitu Laser\",\"isPartOf\":{\"@id\":\"https:\\\/\\\/insitu-laser.be\\\/nl\\\/#website\"},\"primaryImageOfPage\":{\"@id\":\"https:\\\/\\\/insitu-laser.be\\\/nl\\\/prijzen\\\/#primaryimage\"},\"image\":{\"@id\":\"https:\\\/\\\/insitu-laser.be\\\/nl\\\/prijzen\\\/#primaryimage\"},\"thumbnailUrl\":\"https:\\\/\\\/insitu-laser.be\\\/wp-content\\\/uploads\\\/2022\\\/04\\\/header_tarifs.png\",\"datePublished\":\"2022-03-09T09:10:50+00:00\",\"dateModified\":\"2023-10-26T10:02:48+00:00\",\"breadcrumb\":{\"@id\":\"https:\\\/\\\/insitu-laser.be\\\/nl\\\/prijzen\\\/#breadcrumb\"},\"inLanguage\":\"nl-NL\",\"potentialAction\":[{\"@type\":\"ReadAction\",\"target\":[\"https:\\\/\\\/insitu-laser.be\\\/nl\\\/prijzen\\\/\"]}]},{\"@type\":\"ImageObject\",\"inLanguage\":\"nl-NL\",\"@id\":\"https:\\\/\\\/insitu-laser.be\\\/nl\\\/prijzen\\\/#primaryimage\",\"url\":\"https:\\\/\\\/insitu-laser.be\\\/wp-content\\\/uploads\\\/2022\\\/04\\\/header_tarifs.png\",\"contentUrl\":\"https:\\\/\\\/insitu-laser.be\\\/wp-content\\\/uploads\\\/2022\\\/04\\\/header_tarifs.png\",\"width\":1920,\"height\":404},{\"@type\":\"BreadcrumbList\",\"@id\":\"https:\\\/\\\/insitu-laser.be\\\/nl\\\/prijzen\\\/#breadcrumb\",\"itemListElement\":[{\"@type\":\"ListItem\",\"position\":1,\"name\":\"Accueil\",\"item\":\"https:\\\/\\\/insitu-laser.be\\\/nl\\\/\"},{\"@type\":\"ListItem\",\"position\":2,\"name\":\"Tarifs\"}]},{\"@type\":\"WebSite\",\"@id\":\"https:\\\/\\\/insitu-laser.be\\\/nl\\\/#website\",\"url\":\"https:\\\/\\\/insitu-laser.be\\\/nl\\\/\",\"name\":\"InSitu Laser\",\"description\":\"\u00c9pilation d\u00e9finitive Photorajeunissement Laser diode\",\"publisher\":{\"@id\":\"https:\\\/\\\/insitu-laser.be\\\/nl\\\/#organization\"},\"potentialAction\":[{\"@type\":\"SearchAction\",\"target\":{\"@type\":\"EntryPoint\",\"urlTemplate\":\"https:\\\/\\\/insitu-laser.be\\\/nl\\\/?s={search_term_string}\"},\"query-input\":{\"@type\":\"PropertyValueSpecification\",\"valueRequired\":true,\"valueName\":\"search_term_string\"}}],\"inLanguage\":\"nl-NL\"},{\"@type\":\"Organization\",\"@id\":\"https:\\\/\\\/insitu-laser.be\\\/nl\\\/#organization\",\"name\":\"InSitu Laser\",\"url\":\"https:\\\/\\\/insitu-laser.be\\\/nl\\\/\",\"logo\":{\"@type\":\"ImageObject\",\"inLanguage\":\"nl-NL\",\"@id\":\"https:\\\/\\\/insitu-laser.be\\\/nl\\\/#\\\/schema\\\/logo\\\/image\\\/\",\"url\":\"https:\\\/\\\/www.insitu-laser.be\\\/wp-content\\\/uploads\\\/2022\\\/10\\\/InSituLasers_Logo_RGB-01.jpg\",\"contentUrl\":\"https:\\\/\\\/www.insitu-laser.be\\\/wp-content\\\/uploads\\\/2022\\\/10\\\/InSituLasers_Logo_RGB-01.jpg\",\"width\":1182,\"height\":1182,\"caption\":\"InSitu Laser\"},\"image\":{\"@id\":\"https:\\\/\\\/insitu-laser.be\\\/nl\\\/#\\\/schema\\\/logo\\\/image\\\/\"}}]}<\/script>\n<!-- \/ Yoast SEO plugin. -->","yoast_head_json":{"title":"Tarifs - InSitu Laser","robots":{"index":"index","follow":"follow","max-snippet":"max-snippet:-1","max-image-preview":"max-image-preview:large","max-video-preview":"max-video-preview:-1"},"canonical":"https:\/\/insitu-laser.be\/nl\/prijzen\/","og_locale":"nl_NL","og_type":"article","og_title":"Tarifs - InSitu Laser","og_url":"https:\/\/insitu-laser.be\/nl\/prijzen\/","og_site_name":"InSitu Laser","article_modified_time":"2023-10-26T10:02:48+00:00","og_image":[{"width":1920,"height":404,"url":"https:\/\/insitu-laser.be\/wp-content\/uploads\/2022\/04\/header_tarifs.png","type":"image\/png"}],"twitter_card":"summary_large_image","schema":{"@context":"https:\/\/schema.org","@graph":[{"@type":"WebPage","@id":"https:\/\/insitu-laser.be\/nl\/prijzen\/","url":"https:\/\/insitu-laser.be\/nl\/prijzen\/","name":"Tarifs - InSitu Laser","isPartOf":{"@id":"https:\/\/insitu-laser.be\/nl\/#website"},"primaryImageOfPage":{"@id":"https:\/\/insitu-laser.be\/nl\/prijzen\/#primaryimage"},"image":{"@id":"https:\/\/insitu-laser.be\/nl\/prijzen\/#primaryimage"},"thumbnailUrl":"https:\/\/insitu-laser.be\/wp-content\/uploads\/2022\/04\/header_tarifs.png","datePublished":"2022-03-09T09:10:50+00:00","dateModified":"2023-10-26T10:02:48+00:00","breadcrumb":{"@id":"https:\/\/insitu-laser.be\/nl\/prijzen\/#breadcrumb"},"inLanguage":"nl-NL","potentialAction":[{"@type":"ReadAction","target":["https:\/\/insitu-laser.be\/nl\/prijzen\/"]}]},{"@type":"ImageObject","inLanguage":"nl-NL","@id":"https:\/\/insitu-laser.be\/nl\/prijzen\/#primaryimage","url":"https:\/\/insitu-laser.be\/wp-content\/uploads\/2022\/04\/header_tarifs.png","contentUrl":"https:\/\/insitu-laser.be\/wp-content\/uploads\/2022\/04\/header_tarifs.png","width":1920,"height":404},{"@type":"BreadcrumbList","@id":"https:\/\/insitu-laser.be\/nl\/prijzen\/#breadcrumb","itemListElement":[{"@type":"ListItem","position":1,"name":"Accueil","item":"https:\/\/insitu-laser.be\/nl\/"},{"@type":"ListItem","position":2,"name":"Tarifs"}]},{"@type":"WebSite","@id":"https:\/\/insitu-laser.be\/nl\/#website","url":"https:\/\/insitu-laser.be\/nl\/","name":"InSitu Laser","description":"\u00c9pilation d\u00e9finitive Photorajeunissement Laser diode","publisher":{"@id":"https:\/\/insitu-laser.be\/nl\/#organization"},"potentialAction":[{"@type":"SearchAction","target":{"@type":"EntryPoint","urlTemplate":"https:\/\/insitu-laser.be\/nl\/?s={search_term_string}"},"query-input":{"@type":"PropertyValueSpecification","valueRequired":true,"valueName":"search_term_string"}}],"inLanguage":"nl-NL"},{"@type":"Organization","@id":"https:\/\/insitu-laser.be\/nl\/#organization","name":"InSitu Laser","url":"https:\/\/insitu-laser.be\/nl\/","logo":{"@type":"ImageObject","inLanguage":"nl-NL","@id":"https:\/\/insitu-laser.be\/nl\/#\/schema\/logo\/image\/","url":"https:\/\/www.insitu-laser.be\/wp-content\/uploads\/2022\/10\/InSituLasers_Logo_RGB-01.jpg","contentUrl":"https:\/\/www.insitu-laser.be\/wp-content\/uploads\/2022\/10\/InSituLasers_Logo_RGB-01.jpg","width":1182,"height":1182,"caption":"InSitu Laser"},"image":{"@id":"https:\/\/insitu-laser.be\/nl\/#\/schema\/logo\/image\/"}}]}},"_links":{"self":[{"href":"https:\/\/insitu-laser.be\/nl\/wp-json\/wp\/v2\/pages\/1132","targetHints":{"allow":["GET"]}}],"collection":[{"href":"https:\/\/insitu-laser.be\/nl\/wp-json\/wp\/v2\/pages"}],"about":[{"href":"https:\/\/insitu-laser.be\/nl\/wp-json\/wp\/v2\/types\/page"}],"author":[{"embeddable":true,"href":"https:\/\/insitu-laser.be\/nl\/wp-json\/wp\/v2\/users\/1"}],"replies":[{"embeddable":true,"href":"https:\/\/insitu-laser.be\/nl\/wp-json\/wp\/v2\/comments?post=1132"}],"version-history":[{"count":1,"href":"https:\/\/insitu-laser.be\/nl\/wp-json\/wp\/v2\/pages\/1132\/revisions"}],"predecessor-version":[{"id":1212,"href":"https:\/\/insitu-laser.be\/nl\/wp-json\/wp\/v2\/pages\/1132\/revisions\/1212"}],"wp:featuredmedia":[{"embeddable":true,"href":"https:\/\/insitu-laser.be\/nl\/wp-json\/wp\/v2\/media\/391"}],"wp:attachment":[{"href":"https:\/\/insitu-laser.be\/nl\/wp-json\/wp\/v2\/media?parent=1132"}],"curies":[{"name":"wp","href":"https:\/\/api.w.org\/{rel}","templated":true}]}}